{"id":79,"date":"2020-08-18T21:11:40","date_gmt":"2020-08-18T21:11:40","guid":{"rendered":"http:\/\/www.beevenomlab.com\/home-spanish\/"},"modified":"2020-10-06T10:48:46","modified_gmt":"2020-10-06T10:48:46","slug":"home-spanish","status":"publish","type":"page","link":"https:\/\/www.beevenomlab.com\/?lang=es","title":{"rendered":"Home &#8211; Spanish"},"content":{"rendered":"<h1><span style=\"color: #ffffff;\"><strong>Ciencia, veneno de abeja y polvo de veneno de abeja <\/strong><\/span><\/h1>\n<p>Muchos cient\u00edficos de todo el mundo que trabajan con soluciones y polvo de veneno de abeja confirman sus potentes propiedades antibacterianas, antif\u00fangicas, antiinflamatorias y antirradiaci\u00f3n. Asimismo, se han publicado diferentes informes cient\u00edficos que lo demuestran. Por eso es absolutamente imposible que importe ninguna enfermedad. Eso puede ser cierto para la jalea real o tal vez para la miel, el prop\u00f3leo o el polen, pero no para el veneno de abeja. \u00a1El veneno de abeja desinfecta todo en un radio de 3 metros!<\/p>\n<p>El veneno de abeja es el \u00fanico producto derivado de las abejas que ha sido eliminado por ley de la lista de certificaci\u00f3n veterinaria durante 25 a\u00f1os debido a sus propiedades y, por lo tanto, el certificado sanitario no se emite en muchos pa\u00edses. Y se trata de una decisi\u00f3n absolutamente l\u00f3gica; adem\u00e1s, contamos con un m\u00e9todo \u00fanico para recolectar el veneno de abeja solo por la noche, el momento en el que el est\u00f3mago de las abejas se encuentra vac\u00edo y por lo tanto nunca vomitan cuando reciben una leve descarga el\u00e9ctrica para recolectar el veneno. Una vez recolectado el veneno, se lleva al laboratorio para su posterior limpieza y procesamiento. Nuestro veneno de abeja se vende en EE.UU., Canad\u00e1, pa\u00edses de la Uni\u00f3n Europea, Am\u00e9rica Latina, muchos pa\u00edses de Asia, etc.<\/p>\n<h5><strong>Proceso de certificaci\u00f3n del veneno de abeja: <\/strong><\/h5>\n<p>El veneno de abeja se recolecta en peque\u00f1as cantidades en lotes de 30, 50, 60 u 80 gramos. Con mucho cuidado, lo procesamos, lo limpiamos y lo secamos. Despu\u00e9s de procesar los lotes de veneno de abeja, analizamos en el laboratorio cada lote por separado mediante HPLC. Cuando se eval\u00faan todos los lotes, juntamos todos los lotes que tengan casi el mismo par\u00e1metro de componentes para volver a evaluarlos como un lote completo. Se vuelve a evaluar su actividad y se emite un Certificado para los lotes de componentes similares, que finalmente alcanzan varios kilos. A continuaci\u00f3n hacemos el mismo proceso con otros lotes con par\u00e1metros similares.<\/p>\n<h5><strong>Historia de la compa\u00f1\u00eda Bee Venom Lab LLC:<\/strong><\/h5>\n<p>Llevamos 18 a\u00f1os produciendo el polvo de veneno de abeja de la m\u00e1s alta calidad de Georgia. Nuestras abejas se cr\u00edan en ambientes SIN contaminaci\u00f3n para garantizar la m\u00e1s alta calidad del polvo de veneno de abeja. La historia reciente de nuestra empresa comienza a principios del siglo XXI, en 2002. Ese a\u00f1o nuestra empresa matriz original se reorganiz\u00f3 y dividi\u00f3 para continuar operando con productos actualizados bajo un nombre nuevo: \u201cBee Venom Lab LLC\u201d. Nuestra compa\u00f1\u00eda cuenta con 18 a\u00f1os de experiencia en la recolecci\u00f3n de polvo de veneno de abeja de calidad, pero continuamente incorporamos ideas, entusiasmo, energ\u00eda y equipos nuevos a nuestro grupo de especialistas altamente capacitados para seguir con nuestro compromiso de recolectar y producir el polvo de veneno de abeja de la m\u00e1s alta calidad disponible en la actualidad. Nuestra ambici\u00f3n siempre ha sido alcanzar una gran parte del mercado mundial, por lo que tratamos de mantener el precio de nuestro polvo de veneno de abeja lo m\u00e1s bajo posible para ofrec\u00e9rselo a nuestros clientes de todo el mundo.<\/p>\n","protected":false},"excerpt":{"rendered":"<p>Ciencia, veneno de abeja y polvo de veneno de abeja Muchos cient\u00edficos de todo el mundo que trabajan con soluciones y polvo de veneno de abeja confirman sus potentes propiedades antibacterianas, antif\u00fangicas, antiinflamatorias y antirradiaci\u00f3n. Asimismo, se han publicado diferentes informes cient\u00edficos que lo demuestran. Por eso es absolutamente imposible que importe ninguna enfermedad. Eso [&hellip;]<\/p>\n","protected":false},"author":1,"featured_media":0,"parent":0,"menu_order":0,"comment_status":"closed","ping_status":"closed","template":"template-home.php","meta":{"footnotes":""},"class_list":["post-79","page","type-page","status-publish","hentry"],"yoast_head":"<!-- This site is optimized with the Yoast SEO plugin v27.5 - https:\/\/yoast.com\/product\/yoast-seo-wordpress\/ -->\n<title>High Quality Bee Venom Powder in Spanish market<\/title>\n<meta name=\"description\" content=\"polvo de veneno de abeja confirman sus potentes propiedades antibacterianas, antif\u00fangicas, antiinflamatorias y antirradiaci\u00f3n.\" \/>\n<meta name=\"robots\" content=\"index, follow, max-snippet:-1, max-image-preview:large, max-video-preview:-1\" \/>\n<link rel=\"canonical\" href=\"https:\/\/www.beevenomlab.com\/?lang=es\" \/>\n<meta property=\"og:locale\" content=\"en_US\" \/>\n<meta property=\"og:type\" content=\"article\" \/>\n<meta property=\"og:title\" content=\"High Quality Bee Venom Powder in Spanish market\" \/>\n<meta property=\"og:description\" content=\"polvo de veneno de abeja confirman sus potentes propiedades antibacterianas, antif\u00fangicas, antiinflamatorias y antirradiaci\u00f3n.\" \/>\n<meta property=\"og:url\" content=\"https:\/\/www.beevenomlab.com\/?lang=es\" \/>\n<meta property=\"og:site_name\" content=\"Bee Venom Lab\" \/>\n<meta property=\"article:publisher\" content=\"https:\/\/www.facebook.com\/bee.venom.powder\/\" \/>\n<meta property=\"article:modified_time\" content=\"2020-10-06T10:48:46+00:00\" \/>\n<meta name=\"twitter:card\" content=\"summary_large_image\" \/>\n<meta name=\"twitter:site\" content=\"@beevenomlab\" \/>\n<meta name=\"twitter:label1\" content=\"Est. reading time\" \/>\n\t<meta name=\"twitter:data1\" content=\"3 minutes\" \/>\n<script type=\"application\/ld+json\" class=\"yoast-schema-graph\">{\"@context\":\"https:\\\/\\\/schema.org\",\"@graph\":[{\"@type\":\"WebPage\",\"@id\":\"https:\\\/\\\/www.beevenomlab.com\\\/?lang=es\",\"url\":\"https:\\\/\\\/www.beevenomlab.com\\\/?lang=es\",\"name\":\"High Quality Bee Venom Powder in Spanish market\",\"isPartOf\":{\"@id\":\"https:\\\/\\\/www.beevenomlab.com\\\/#website\"},\"datePublished\":\"2020-08-18T21:11:40+00:00\",\"dateModified\":\"2020-10-06T10:48:46+00:00\",\"description\":\"polvo de veneno de abeja confirman sus potentes propiedades antibacterianas, antif\u00fangicas, antiinflamatorias y antirradiaci\u00f3n.\",\"breadcrumb\":{\"@id\":\"https:\\\/\\\/www.beevenomlab.com\\\/?lang=es#breadcrumb\"},\"inLanguage\":\"en-US\",\"potentialAction\":[{\"@type\":\"ReadAction\",\"target\":[\"https:\\\/\\\/www.beevenomlab.com\\\/?lang=es\"]}]},{\"@type\":\"BreadcrumbList\",\"@id\":\"https:\\\/\\\/www.beevenomlab.com\\\/?lang=es#breadcrumb\",\"itemListElement\":[{\"@type\":\"ListItem\",\"position\":1,\"name\":\"Home\",\"item\":\"https:\\\/\\\/www.beevenomlab.com\\\/\"},{\"@type\":\"ListItem\",\"position\":2,\"name\":\"Home &#8211; Spanish\"}]},{\"@type\":\"WebSite\",\"@id\":\"https:\\\/\\\/www.beevenomlab.com\\\/#website\",\"url\":\"https:\\\/\\\/www.beevenomlab.com\\\/\",\"name\":\"Bee Venom Lab\",\"description\":\"Bee Venom Lab\",\"publisher\":{\"@id\":\"https:\\\/\\\/www.beevenomlab.com\\\/#organization\"},\"potentialAction\":[{\"@type\":\"SearchAction\",\"target\":{\"@type\":\"EntryPoint\",\"urlTemplate\":\"https:\\\/\\\/www.beevenomlab.com\\\/?s={search_term_string}\"},\"query-input\":{\"@type\":\"PropertyValueSpecification\",\"valueRequired\":true,\"valueName\":\"search_term_string\"}}],\"inLanguage\":\"en-US\"},{\"@type\":\"Organization\",\"@id\":\"https:\\\/\\\/www.beevenomlab.com\\\/#organization\",\"name\":\"Bee Venom Lab\",\"url\":\"https:\\\/\\\/www.beevenomlab.com\\\/\",\"logo\":{\"@type\":\"ImageObject\",\"inLanguage\":\"en-US\",\"@id\":\"https:\\\/\\\/www.beevenomlab.com\\\/#\\\/schema\\\/logo\\\/image\\\/\",\"url\":\"https:\\\/\\\/www.beevenomlab.com\\\/wp-content\\\/uploads\\\/2020\\\/08\\\/logo.png\",\"contentUrl\":\"https:\\\/\\\/www.beevenomlab.com\\\/wp-content\\\/uploads\\\/2020\\\/08\\\/logo.png\",\"width\":234,\"height\":54,\"caption\":\"Bee Venom Lab\"},\"image\":{\"@id\":\"https:\\\/\\\/www.beevenomlab.com\\\/#\\\/schema\\\/logo\\\/image\\\/\"},\"sameAs\":[\"https:\\\/\\\/www.facebook.com\\\/bee.venom.powder\\\/\",\"https:\\\/\\\/x.com\\\/beevenomlab\",\"https:\\\/\\\/www.linkedin.com\\\/in\\\/ketevan-g-437a6319\\\/\",\"https:\\\/\\\/www.youtube.com\\\/channel\\\/UC5FG7P42O5hSS7_M4qdne1w\\\/\"]}]}<\/script>\n<!-- \/ Yoast SEO plugin. -->","yoast_head_json":{"title":"High Quality Bee Venom Powder in Spanish market","description":"polvo de veneno de abeja confirman sus potentes propiedades antibacterianas, antif\u00fangicas, antiinflamatorias y antirradiaci\u00f3n.","robots":{"index":"index","follow":"follow","max-snippet":"max-snippet:-1","max-image-preview":"max-image-preview:large","max-video-preview":"max-video-preview:-1"},"canonical":"https:\/\/www.beevenomlab.com\/?lang=es","og_locale":"en_US","og_type":"article","og_title":"High Quality Bee Venom Powder in Spanish market","og_description":"polvo de veneno de abeja confirman sus potentes propiedades antibacterianas, antif\u00fangicas, antiinflamatorias y antirradiaci\u00f3n.","og_url":"https:\/\/www.beevenomlab.com\/?lang=es","og_site_name":"Bee Venom Lab","article_publisher":"https:\/\/www.facebook.com\/bee.venom.powder\/","article_modified_time":"2020-10-06T10:48:46+00:00","twitter_card":"summary_large_image","twitter_site":"@beevenomlab","twitter_misc":{"Est. reading time":"3 minutes"},"schema":{"@context":"https:\/\/schema.org","@graph":[{"@type":"WebPage","@id":"https:\/\/www.beevenomlab.com\/?lang=es","url":"https:\/\/www.beevenomlab.com\/?lang=es","name":"High Quality Bee Venom Powder in Spanish market","isPartOf":{"@id":"https:\/\/www.beevenomlab.com\/#website"},"datePublished":"2020-08-18T21:11:40+00:00","dateModified":"2020-10-06T10:48:46+00:00","description":"polvo de veneno de abeja confirman sus potentes propiedades antibacterianas, antif\u00fangicas, antiinflamatorias y antirradiaci\u00f3n.","breadcrumb":{"@id":"https:\/\/www.beevenomlab.com\/?lang=es#breadcrumb"},"inLanguage":"en-US","potentialAction":[{"@type":"ReadAction","target":["https:\/\/www.beevenomlab.com\/?lang=es"]}]},{"@type":"BreadcrumbList","@id":"https:\/\/www.beevenomlab.com\/?lang=es#breadcrumb","itemListElement":[{"@type":"ListItem","position":1,"name":"Home","item":"https:\/\/www.beevenomlab.com\/"},{"@type":"ListItem","position":2,"name":"Home &#8211; Spanish"}]},{"@type":"WebSite","@id":"https:\/\/www.beevenomlab.com\/#website","url":"https:\/\/www.beevenomlab.com\/","name":"Bee Venom Lab","description":"Bee Venom Lab","publisher":{"@id":"https:\/\/www.beevenomlab.com\/#organization"},"potentialAction":[{"@type":"SearchAction","target":{"@type":"EntryPoint","urlTemplate":"https:\/\/www.beevenomlab.com\/?s={search_term_string}"},"query-input":{"@type":"PropertyValueSpecification","valueRequired":true,"valueName":"search_term_string"}}],"inLanguage":"en-US"},{"@type":"Organization","@id":"https:\/\/www.beevenomlab.com\/#organization","name":"Bee Venom Lab","url":"https:\/\/www.beevenomlab.com\/","logo":{"@type":"ImageObject","inLanguage":"en-US","@id":"https:\/\/www.beevenomlab.com\/#\/schema\/logo\/image\/","url":"https:\/\/www.beevenomlab.com\/wp-content\/uploads\/2020\/08\/logo.png","contentUrl":"https:\/\/www.beevenomlab.com\/wp-content\/uploads\/2020\/08\/logo.png","width":234,"height":54,"caption":"Bee Venom Lab"},"image":{"@id":"https:\/\/www.beevenomlab.com\/#\/schema\/logo\/image\/"},"sameAs":["https:\/\/www.facebook.com\/bee.venom.powder\/","https:\/\/x.com\/beevenomlab","https:\/\/www.linkedin.com\/in\/ketevan-g-437a6319\/","https:\/\/www.youtube.com\/channel\/UC5FG7P42O5hSS7_M4qdne1w\/"]}]}},"_links":{"self":[{"href":"https:\/\/www.beevenomlab.com\/index.php?rest_route=\/wp\/v2\/pages\/79","targetHints":{"allow":["GET"]}}],"collection":[{"href":"https:\/\/www.beevenomlab.com\/index.php?rest_route=\/wp\/v2\/pages"}],"about":[{"href":"https:\/\/www.beevenomlab.com\/index.php?rest_route=\/wp\/v2\/types\/page"}],"author":[{"embeddable":true,"href":"https:\/\/www.beevenomlab.com\/index.php?rest_route=\/wp\/v2\/users\/1"}],"replies":[{"embeddable":true,"href":"https:\/\/www.beevenomlab.com\/index.php?rest_route=%2Fwp%2Fv2%2Fcomments&post=79"}],"version-history":[{"count":14,"href":"https:\/\/www.beevenomlab.com\/index.php?rest_route=\/wp\/v2\/pages\/79\/revisions"}],"predecessor-version":[{"id":864,"href":"https:\/\/www.beevenomlab.com\/index.php?rest_route=\/wp\/v2\/pages\/79\/revisions\/864"}],"wp:attachment":[{"href":"https:\/\/www.beevenomlab.com\/index.php?rest_route=%2Fwp%2Fv2%2Fmedia&parent=79"}],"curies":[{"name":"wp","href":"https:\/\/api.w.org\/{rel}","templated":true}]}}